{"id":7005,"date":"2022-11-04T14:46:02","date_gmt":"2022-11-04T12:46:02","guid":{"rendered":"https:\/\/www.roboai.fi\/?page_id=7005"},"modified":"2024-02-05T15:44:21","modified_gmt":"2024-02-05T13:44:21","slug":"joint-use-laboratory","status":"publish","type":"page","link":"https:\/\/www.roboai.fi\/en\/research-and-development\/services\/joint-use-laboratory\/","title":{"rendered":"Joint use laboratory"},"content":{"rendered":"\n\n\t<div id=\"breadcrumb-navigation\" role=\"navigation\" aria-label=\"Breadcrumb navigation\"><ul id=\"breadcrumbs\"><li><a href=\"https:\/\/www.roboai.fi\/en\/\">Home<\/a><\/li><li class=\"separator\"> \/ <\/li><\/ul><\/div>\n<h1>\n\t\tJoint use laboratory\n\t<\/h1>\n\t<p>RoboAI\u00b4s joint use laboratory is a whole formed by experts and modern equipment with focus on technology and application development work.<\/p>\n\t\t\t\t<img decoding=\"async\" data-src=\"https:\/\/www.roboai.fi\/wp-content\/uploads\/2022\/03\/Ultimaker2_laitekuva_pienempi-1-700x450.jpg\" alt=\"Closeup of a 3D printer with SAMK logo inside. \" itemprop=\"image\" height=\"450\" width=\"700\" title=\"Ultimaker2 Laitekuva Pienempi\" onerror=\"this.style.display='none'\" src=\"data:image\/svg+xml;base64,PHN2ZyB3aWR0aD0iMSIgaGVpZ2h0PSIxIiB4bWxucz0iaHR0cDovL3d3dy53My5vcmcvMjAwMC9zdmciPjwvc3ZnPg==\" class=\"lazyload\" style=\"--smush-placeholder-width: 700px; --smush-placeholder-aspect-ratio: 700\/450;\" \/>\n<h3>3D printing<\/h3><p>3D printers are humming almost day and night in the RoboAI lab. 3D printers are used to produce parts for a variety of applications and systems, but they can also be used to make miniature models, prototypes of products or even game controllers. The lab also carries out applied research on 3D printing, for example testing the strength of different kinds of printing geometries.\u00a0<\/p>\n<p>\u00a0<\/p>\n\t\t\t\t<img decoding=\"async\" data-src=\"https:\/\/www.roboai.fi\/wp-content\/uploads\/2022\/02\/Andre_Yumi3_pienempi-1-700x450.jpg\" alt=\"Close-up of the Yumi robot, with a student in the background.\" itemprop=\"image\" height=\"450\" width=\"700\" title=\"Andre Yumi3 Pienempi\" onerror=\"this.style.display='none'\" src=\"data:image\/svg+xml;base64,PHN2ZyB3aWR0aD0iMSIgaGVpZ2h0PSIxIiB4bWxucz0iaHR0cDovL3d3dy53My5vcmcvMjAwMC9zdmciPjwvc3ZnPg==\" class=\"lazyload\" style=\"--smush-placeholder-width: 700px; --smush-placeholder-aspect-ratio: 700\/450;\" \/>\n<h3>Automation and robotics<\/h3><p>The RoboAI lab is an engineer's playground. A variety of robots invite you to experiment and learn about robot programming. Traditional industrial robots, collaborative robots, mobile robots and social robots allow you to learn new robotics as well as design and implement new applications. The opportunity to test different robots will encourage innovation in new uses and applications.\u00a0<\/p>\n<p>\u00a0<\/p>\n\t\t\t\t<img decoding=\"async\" data-src=\"https:\/\/www.roboai.fi\/wp-content\/uploads\/2022\/09\/Aurinkopaneelit-035_muokattu-1-700x450.jpg\" alt=\"There are sun energy panels on the roof.\" itemprop=\"image\" height=\"450\" width=\"700\" title=\"Samk Uusi Kampus Aurinkopaneelit\" onerror=\"this.style.display='none'\" src=\"data:image\/svg+xml;base64,PHN2ZyB3aWR0aD0iMSIgaGVpZ2h0PSIxIiB4bWxucz0iaHR0cDovL3d3dy53My5vcmcvMjAwMC9zdmciPjwvc3ZnPg==\" class=\"lazyload\" style=\"--smush-placeholder-width: 700px; --smush-placeholder-aspect-ratio: 700\/450;\" \/>\n<h3>Energy Technology<\/h3><p>The energy technology laboratory produces renewable energy for the SAMK Pori campus. The laboratory is used to study the impact of installation angle, orientation and row spacing on energy production, as well as balancing energy production and consumption. The laboratory's battery ensures the electricity supply for the shared-use laboratory and balances consumption peaks. Most of the lab is hidden on the roof of the campus, from the parking lot, you can see the solar tracker that is part of the research system. <a href=\"https:\/\/www.youtube.com\/watch?v=_2tD4MdE5wM\" target=\"_blank\" rel=\"noopener\">Take a look at SAMK's photovoltaic system (Youtube).<\/a><\/p>\n\t\t\t\t<img decoding=\"async\" data-src=\"https:\/\/www.roboai.fi\/wp-content\/uploads\/2022\/09\/exo_anjahymy_pienempi_verkkosivuille-1-700x450.jpg\" alt=\"There are two women in the picture and other one is wearing an exoskeleton robot and an EEG hat on.\" itemprop=\"image\" height=\"450\" width=\"700\" title=\"Exo Anjahymy Pienempi Verkkosivuille\" onerror=\"this.style.display='none'\" src=\"data:image\/svg+xml;base64,PHN2ZyB3aWR0aD0iMSIgaGVpZ2h0PSIxIiB4bWxucz0iaHR0cDovL3d3dy53My5vcmcvMjAwMC9zdmciPjwvc3ZnPg==\" class=\"lazyload\" style=\"--smush-placeholder-width: 700px; --smush-placeholder-aspect-ratio: 700\/450;\" \/>\n<h3>Welfare Technology<\/h3><p>RoboAI's technological expertise is applied to a wide range of applications in the welfare sector. The RoboAI laboratory has a large portfolio of welfare technology equipment. Multidisciplinary research, development and teaching activities produce co-developed prototypes ranging from utility games to human performance measurement and intelligent services. The technology and research focus is on game and experience production and the intelligent use of data. We also serve stakeholders through our <a href=\"https:\/\/satakuntatestbed.fi\/en\" target=\"_blank\" rel=\"noopener\">testbed activities<\/a> (satakuntatestbed.fi).\u00a0<\/p>\n\t\t\t\t<img decoding=\"async\" data-src=\"https:\/\/www.roboai.fi\/wp-content\/uploads\/2019\/03\/MatriisiVSViiva-700x450.png\" alt=\"Close-up of a machine vision camera scanning products.\" itemprop=\"image\" height=\"450\" width=\"700\" title=\"MatriisiVSViiva\" onerror=\"this.style.display='none'\" src=\"data:image\/svg+xml;base64,PHN2ZyB3aWR0aD0iMSIgaGVpZ2h0PSIxIiB4bWxucz0iaHR0cDovL3d3dy53My5vcmcvMjAwMC9zdmciPjwvc3ZnPg==\" class=\"lazyload\" style=\"--smush-placeholder-width: 700px; --smush-placeholder-aspect-ratio: 700\/450;\" \/>\n<h3>Machine vision<\/h3><p>In the RoboAI lab, machine vision is extensively researched and developed, from traditional machine vision systems and smart camera systems to various specialised imaging technologies. The CIL includes cameras for visible light imaging, but also for near-infrared, spectral and thermal imaging. 3D imaging can also be performed using a variety of techniques.\u00a0<\/p>\n\t\t\t\t<img decoding=\"async\" data-src=\"https:\/\/www.roboai.fi\/wp-content\/uploads\/2022\/09\/rakyhdlab_kuvituskuva_muokattu-1-700x450.jpg\" alt=\"Illustration of AC pipes.\" itemprop=\"image\" height=\"450\" width=\"700\" title=\"Qrf\" onerror=\"this.style.display='none'\" src=\"data:image\/svg+xml;base64,PHN2ZyB3aWR0aD0iMSIgaGVpZ2h0PSIxIiB4bWxucz0iaHR0cDovL3d3dy53My5vcmcvMjAwMC9zdmciPjwvc3ZnPg==\" class=\"lazyload\" style=\"--smush-placeholder-width: 700px; --smush-placeholder-aspect-ratio: 700\/450;\" \/>\n<h3>Construction Technology<\/h3><p>The Construction and Civil Engineering laboratories are divided into three sections where students can apply theory by practicing measurements that are conducted in real workplace environments later on. In the concrete laboratory, students can determine the properties of concrete and carry out tests on aggregates, among other things. In the indoor air laboratory, the heat transfer through different structures can be studied and measurements related to indoor climate can be carried out. In the HVAC laboratory, students practice, for example, the regulation and measurement of ventilation and measurements of water and heating networks.\u00a0<\/p>\n\t\t\t\t<img decoding=\"async\" data-src=\"https:\/\/www.roboai.fi\/wp-content\/uploads\/2019\/03\/simulaatio_pienempi-landscape-700x450.png\" alt=\"A woman is working on a simulation.\" itemprop=\"image\" height=\"450\" width=\"700\" title=\"simulaatio_pienempi-landscape\" onerror=\"this.style.display='none'\" src=\"data:image\/svg+xml;base64,PHN2ZyB3aWR0aD0iMSIgaGVpZ2h0PSIxIiB4bWxucz0iaHR0cDovL3d3dy53My5vcmcvMjAwMC9zdmciPjwvc3ZnPg==\" class=\"lazyload\" style=\"--smush-placeholder-width: 700px; --smush-placeholder-aspect-ratio: 700\/450;\" \/>\n<h3>Simulation<\/h3><p>Simulating production and bringing systems into the virtual world is commonplace in the RoboAI lab. Creating 3D simulations of real production systems or designing new production in a virtual world by manipulating equipment can be done in the lab's simulation environments. Simulation allows production to be designed, implemented and tested virtually before any equipment is ordered.\u00a0<\/p>\n\t\t\t\t<img decoding=\"async\" data-src=\"https:\/\/www.roboai.fi\/wp-content\/uploads\/2022\/09\/piirikortti-700x450.jpg\" alt=\"L\u00e4hikuvassa piirikortin s\u00e4hk\u00f6asennukset.\" itemprop=\"image\" height=\"450\" width=\"700\" title=\"Piirikortti\" onerror=\"this.style.display='none'\" src=\"data:image\/svg+xml;base64,PHN2ZyB3aWR0aD0iMSIgaGVpZ2h0PSIxIiB4bWxucz0iaHR0cDovL3d3dy53My5vcmcvMjAwMC9zdmciPjwvc3ZnPg==\" class=\"lazyload\" style=\"--smush-placeholder-width: 700px; --smush-placeholder-aspect-ratio: 700\/450;\" \/>\n<h3>Electrical Engineering<\/h3><p>The Electrical Power Engineering lab brings electrical machines into a new era with RoboAI automation systems. The development of automation systems will enable remote operation. In a remote access environment, users can test or demo machines and equipment remotely, meeting modern requirements with an industrial implementation. Workstations in the machine room will allow users to log on remotely to the operating environments.\u00a0<\/p>\n<h2>\n\t\tRead more\n\t<\/h2>\n\t\t\t\t<a href=\"https:\/\/www.roboai.fi\/en\/research-and-development\/co-operation-cases\/\" target=\"_self\" itemprop=\"url\" rel=\"noopener\">\n\t\t\t\t<img decoding=\"async\" data-src=\"https:\/\/www.roboai.fi\/wp-content\/uploads\/bb-plugin\/cache\/jaime_kasvottarkat-scaled-1-landscape-6751274cf8d73e81c00eb740adc8ecd6-.jpg\" alt=\"A young man screws something into a robot.\" itemprop=\"image\" height=\"1365\" width=\"2048\" title=\"Jaime Kasvottarkat\" onerror=\"this.style.display='none'\" src=\"data:image\/svg+xml;base64,PHN2ZyB3aWR0aD0iMSIgaGVpZ2h0PSIxIiB4bWxucz0iaHR0cDovL3d3dy53My5vcmcvMjAwMC9zdmciPjwvc3ZnPg==\" class=\"lazyload\" style=\"--smush-placeholder-width: 2048px; --smush-placeholder-aspect-ratio: 2048\/1365;\" \/>\n\t\t\t\t<\/a>\n<h3><a href=\"https:\/\/www.roboai.fi\/en\/research-and-development\/co-operation-cases\/\" target=\"_self\" rel=\"noopener\">Co-operation cases<\/a><\/h3>\t\n\t\t\t\t<a href=\"https:\/\/www.roboai.fi\/en\/research-and-development\/projects\/\" target=\"_self\" itemprop=\"url\" rel=\"noopener\">\n\t\t\t\t<img decoding=\"async\" data-src=\"https:\/\/www.roboai.fi\/wp-content\/uploads\/bb-plugin\/cache\/roborfid-1-landscape-2256f7141516b1e6200b976b005050c5-.png\" alt=\"Two people are sitting with their backs to the picture, a computer in front of them and a man standing in the background.\" itemprop=\"image\" height=\"1000\" width=\"1500\" title=\"Roborfid\" onerror=\"this.style.display='none'\" src=\"data:image\/svg+xml;base64,PHN2ZyB3aWR0aD0iMSIgaGVpZ2h0PSIxIiB4bWxucz0iaHR0cDovL3d3dy53My5vcmcvMjAwMC9zdmciPjwvc3ZnPg==\" class=\"lazyload\" style=\"--smush-placeholder-width: 1500px; --smush-placeholder-aspect-ratio: 1500\/1000;\" \/>\n\t\t\t\t<\/a>\n<h3><a href=\"https:\/\/www.roboai.fi\/en\/research-and-development\/projects\/\" target=\"_self\" rel=\"noopener\">Projects<\/a><\/h3>\t\n\t\t\t\t<a href=\"https:\/\/www.roboai.fi\/en\/roboai-team\" target=\"_self\" itemprop=\"url\" rel=\"noopener\">\n\t\t\t\t<img decoding=\"async\" data-src=\"https:\/\/www.roboai.fi\/wp-content\/uploads\/bb-plugin\/cache\/IMG_4738_juliste-scaled-1-landscape-1af104560b3f75968c852686a3aa82bb-.jpg\" alt=\"The picture shows a woman and a man using an exoskeleton walking robot.\" itemprop=\"image\" height=\"1192\" width=\"2048\" title=\"IMG 4738 Juliste\" onerror=\"this.style.display='none'\" src=\"data:image\/svg+xml;base64,PHN2ZyB3aWR0aD0iMSIgaGVpZ2h0PSIxIiB4bWxucz0iaHR0cDovL3d3dy53My5vcmcvMjAwMC9zdmciPjwvc3ZnPg==\" class=\"lazyload\" style=\"--smush-placeholder-width: 2048px; --smush-placeholder-aspect-ratio: 2048\/1192;\" \/>\n\t\t\t\t<\/a>\n<h3><a href=\"https:\/\/www.roboai.fi\/en\/roboai-team\" target=\"_self\" rel=\"noopener\">RoboAI Team<\/a><\/h3>\t\n<h2>\n\t\tSubscribe to RoboAI newsletter\n\t<\/h2>\n\t<p>Get the latest news and updates directly to your inbox.<\/p>\n\t\t\t<a href=\"http:\/\/uutiskirje.roboai.fi\/\" target=\"_blank\" rel=\"noopener\">\n\t\t\t\t\t\t\tSubscribe\n\t\t\t\t\t<\/a>\n\n","protected":false},"excerpt":{"rendered":"<p>RoboAI\u00b4s joint use laboratory is a whole formed by experts and modern equipment with focus on technology and application development work. 3D printing 3D printers are humming almost day and night in the RoboAI lab. 3D printers are used to produce parts for a variety of applications and systems, but they can also be used<\/p>\n","protected":false},"author":2,"featured_media":0,"parent":6573,"menu_order":0,"comment_status":"closed","ping_status":"closed","template":"","meta":{"inline_featured_image":false,"site-sidebar-layout":"default","site-content-layout":"","ast-site-content-layout":"default","site-content-style":"default","site-sidebar-style":"default","ast-global-header-display":"","ast-banner-title-visibility":"","ast-main-header-display":"","ast-hfb-above-header-display":"","ast-hfb-below-header-display":"","ast-hfb-mobile-header-display":"","site-post-title":"","ast-breadcrumbs-content":"","ast-featured-img":"","footer-sml-layout":"","ast-disable-related-posts":"","theme-transparent-header-meta":"","adv-header-id-meta":"","stick-header-meta":"","header-above-stick-meta":"","header-main-stick-meta":"","header-below-stick-meta":"","astra-migrate-meta-layouts":"default","ast-page-background-enabled":"default","ast-page-background-meta":{"desktop":{"background-color":"","background-image":"","background-repeat":"repeat","background-position":"center center","background-size":"auto","background-attachment":"scroll","background-type":"","background-media":"","overlay-type":"","overlay-color":"","overlay-opacity":"","overlay-gradient":""},"tablet":{"background-color":"","background-image":"","background-repeat":"repeat","background-position":"center center","background-size":"auto","background-attachment":"scroll","background-type":"","background-media":"","overlay-type":"","overlay-color":"","overlay-opacity":"","overlay-gradient":""},"mobile":{"background-color":"","background-image":"","background-repeat":"repeat","background-position":"center center","background-size":"auto","background-attachment":"scroll","background-type":"","background-media":"","overlay-type":"","overlay-color":"","overlay-opacity":"","overlay-gradient":""}},"ast-content-background-meta":{"desktop":{"background-color":"var(--ast-global-color-5)","background-image":"","background-repeat":"repeat","background-position":"center center","background-size":"auto","background-attachment":"scroll","background-type":"","background-media":"","overlay-type":"","overlay-color":"","overlay-opacity":"","overlay-gradient":""},"tablet":{"background-color":"var(--ast-global-color-5)","background-image":"","background-repeat":"repeat","background-position":"center center","background-size":"auto","background-attachment":"scroll","background-type":"","background-media":"","overlay-type":"","overlay-color":"","overlay-opacity":"","overlay-gradient":""},"mobile":{"background-color":"var(--ast-global-color-5)","background-image":"","background-repeat":"repeat","background-position":"center center","background-size":"auto","background-attachment":"scroll","background-type":"","background-media":"","overlay-type":"","overlay-color":"","overlay-opacity":"","overlay-gradient":""}},"footnotes":""},"class_list":["post-7005","page","type-page","status-publish","hentry"],"yoast_head":"<!-- This site is optimized with the Yoast SEO plugin v27.5 - https:\/\/yoast.com\/product\/yoast-seo-wordpress\/ -->\n<title>Joint use laboratory - RoboAI<\/title>\n<meta name=\"description\" content=\"Yritykset p\u00e4\u00e4sev\u00e4t RoboAI:ssa pilotoimaan, protoamaan ja testaamaan uusia liiketoiminta-avauksia sek\u00e4 hy\u00f6dynt\u00e4m\u00e4\u00e4n korkeakoulujen tutkimusryhmien tuottamaa uutta tietoa. Asiakkaalle tarjotaan sopiva palvelukokonaisuus projektin vaativuudesta, laajuudesta ja rahoitustarpeesta riippuen.\" \/>\n<meta name=\"robots\" content=\"index, follow, max-snippet:-1, max-image-preview:large, max-video-preview:-1\" \/>\n<link rel=\"canonical\" href=\"https:\/\/www.roboai.fi\/en\/research-and-development\/services\/joint-use-laboratory\/\" \/>\n<meta property=\"og:locale\" content=\"en_US\" \/>\n<meta property=\"og:type\" content=\"article\" \/>\n<meta property=\"og:title\" content=\"Joint use laboratory - RoboAI\" \/>\n<meta property=\"og:description\" content=\"Yritykset p\u00e4\u00e4sev\u00e4t RoboAI:ssa pilotoimaan, protoamaan ja testaamaan uusia liiketoiminta-avauksia sek\u00e4 hy\u00f6dynt\u00e4m\u00e4\u00e4n korkeakoulujen tutkimusryhmien tuottamaa uutta tietoa. Asiakkaalle tarjotaan sopiva palvelukokonaisuus projektin vaativuudesta, laajuudesta ja rahoitustarpeesta riippuen.\" \/>\n<meta property=\"og:url\" content=\"https:\/\/www.roboai.fi\/en\/research-and-development\/services\/joint-use-laboratory\/\" \/>\n<meta property=\"og:site_name\" content=\"RoboAI\" \/>\n<meta property=\"article:modified_time\" content=\"2024-02-05T13:44:21+00:00\" \/>\n<meta property=\"og:image\" content=\"https:\/\/www.roboai.fi\/wp-content\/uploads\/2022\/03\/Ultimaker2_laitekuva_pienempi-1-700x450.jpg\" \/>\n<meta name=\"twitter:card\" content=\"summary_large_image\" \/>\n<meta name=\"twitter:label1\" content=\"Est. reading time\" \/>\n\t<meta name=\"twitter:data1\" content=\"6 minutes\" \/>\n<script type=\"application\/ld+json\" class=\"yoast-schema-graph\">{\"@context\":\"https:\\\/\\\/schema.org\",\"@graph\":[{\"@type\":\"WebPage\",\"@id\":\"https:\\\/\\\/www.roboai.fi\\\/en\\\/research-and-development\\\/services\\\/joint-use-laboratory\\\/\",\"url\":\"https:\\\/\\\/www.roboai.fi\\\/en\\\/research-and-development\\\/services\\\/joint-use-laboratory\\\/\",\"name\":\"Joint use laboratory - RoboAI\",\"isPartOf\":{\"@id\":\"https:\\\/\\\/www.roboai.fi\\\/en\\\/#website\"},\"primaryImageOfPage\":{\"@id\":\"https:\\\/\\\/www.roboai.fi\\\/en\\\/research-and-development\\\/services\\\/joint-use-laboratory\\\/#primaryimage\"},\"image\":{\"@id\":\"https:\\\/\\\/www.roboai.fi\\\/en\\\/research-and-development\\\/services\\\/joint-use-laboratory\\\/#primaryimage\"},\"thumbnailUrl\":\"https:\\\/\\\/www.roboai.fi\\\/wp-content\\\/uploads\\\/2022\\\/03\\\/Ultimaker2_laitekuva_pienempi-1-700x450.jpg\",\"datePublished\":\"2022-11-04T12:46:02+00:00\",\"dateModified\":\"2024-02-05T13:44:21+00:00\",\"description\":\"Yritykset p\u00e4\u00e4sev\u00e4t RoboAI:ssa pilotoimaan, protoamaan ja testaamaan uusia liiketoiminta-avauksia sek\u00e4 hy\u00f6dynt\u00e4m\u00e4\u00e4n korkeakoulujen tutkimusryhmien tuottamaa uutta tietoa. Asiakkaalle tarjotaan sopiva palvelukokonaisuus projektin vaativuudesta, laajuudesta ja rahoitustarpeesta riippuen.\",\"breadcrumb\":{\"@id\":\"https:\\\/\\\/www.roboai.fi\\\/en\\\/research-and-development\\\/services\\\/joint-use-laboratory\\\/#breadcrumb\"},\"inLanguage\":\"en-US\",\"potentialAction\":[{\"@type\":\"ReadAction\",\"target\":[\"https:\\\/\\\/www.roboai.fi\\\/en\\\/research-and-development\\\/services\\\/joint-use-laboratory\\\/\"]}]},{\"@type\":\"ImageObject\",\"inLanguage\":\"en-US\",\"@id\":\"https:\\\/\\\/www.roboai.fi\\\/en\\\/research-and-development\\\/services\\\/joint-use-laboratory\\\/#primaryimage\",\"url\":\"https:\\\/\\\/www.roboai.fi\\\/wp-content\\\/uploads\\\/2022\\\/03\\\/Ultimaker2_laitekuva_pienempi-1-700x450.jpg\",\"contentUrl\":\"https:\\\/\\\/www.roboai.fi\\\/wp-content\\\/uploads\\\/2022\\\/03\\\/Ultimaker2_laitekuva_pienempi-1-700x450.jpg\"},{\"@type\":\"BreadcrumbList\",\"@id\":\"https:\\\/\\\/www.roboai.fi\\\/en\\\/research-and-development\\\/services\\\/joint-use-laboratory\\\/#breadcrumb\",\"itemListElement\":[{\"@type\":\"ListItem\",\"position\":1,\"name\":\"Home\",\"item\":\"https:\\\/\\\/www.roboai.fi\\\/en\\\/\"},{\"@type\":\"ListItem\",\"position\":2,\"name\":\"Research and development\",\"item\":\"https:\\\/\\\/www.roboai.fi\\\/en\\\/research-and-development\\\/\"},{\"@type\":\"ListItem\",\"position\":3,\"name\":\"Services\",\"item\":\"https:\\\/\\\/www.roboai.fi\\\/en\\\/research-and-development\\\/services\\\/\"},{\"@type\":\"ListItem\",\"position\":4,\"name\":\"Joint use laboratory\"}]},{\"@type\":\"WebSite\",\"@id\":\"https:\\\/\\\/www.roboai.fi\\\/en\\\/#website\",\"url\":\"https:\\\/\\\/www.roboai.fi\\\/en\\\/\",\"name\":\"RoboAI\",\"description\":\"\",\"publisher\":{\"@id\":\"https:\\\/\\\/www.roboai.fi\\\/en\\\/#organization\"},\"potentialAction\":[{\"@type\":\"SearchAction\",\"target\":{\"@type\":\"EntryPoint\",\"urlTemplate\":\"https:\\\/\\\/www.roboai.fi\\\/en\\\/?s={search_term_string}\"},\"query-input\":{\"@type\":\"PropertyValueSpecification\",\"valueRequired\":true,\"valueName\":\"search_term_string\"}}],\"inLanguage\":\"en-US\"},{\"@type\":\"Organization\",\"@id\":\"https:\\\/\\\/www.roboai.fi\\\/en\\\/#organization\",\"name\":\"RoboAI\",\"url\":\"https:\\\/\\\/www.roboai.fi\\\/en\\\/\",\"logo\":{\"@type\":\"ImageObject\",\"inLanguage\":\"en-US\",\"@id\":\"https:\\\/\\\/www.roboai.fi\\\/en\\\/#\\\/schema\\\/logo\\\/image\\\/\",\"url\":\"https:\\\/\\\/www.roboai.fi\\\/wp-content\\\/uploads\\\/2019\\\/01\\\/logo-rautalanka_musta.png\",\"contentUrl\":\"https:\\\/\\\/www.roboai.fi\\\/wp-content\\\/uploads\\\/2019\\\/01\\\/logo-rautalanka_musta.png\",\"width\":800,\"height\":163,\"caption\":\"RoboAI\"},\"image\":{\"@id\":\"https:\\\/\\\/www.roboai.fi\\\/en\\\/#\\\/schema\\\/logo\\\/image\\\/\"}}]}<\/script>\n<!-- \/ Yoast SEO plugin. -->","yoast_head_json":{"title":"Joint use laboratory - RoboAI","description":"Yritykset p\u00e4\u00e4sev\u00e4t RoboAI:ssa pilotoimaan, protoamaan ja testaamaan uusia liiketoiminta-avauksia sek\u00e4 hy\u00f6dynt\u00e4m\u00e4\u00e4n korkeakoulujen tutkimusryhmien tuottamaa uutta tietoa. Asiakkaalle tarjotaan sopiva palvelukokonaisuus projektin vaativuudesta, laajuudesta ja rahoitustarpeesta riippuen.","robots":{"index":"index","follow":"follow","max-snippet":"max-snippet:-1","max-image-preview":"max-image-preview:large","max-video-preview":"max-video-preview:-1"},"canonical":"https:\/\/www.roboai.fi\/en\/research-and-development\/services\/joint-use-laboratory\/","og_locale":"en_US","og_type":"article","og_title":"Joint use laboratory - RoboAI","og_description":"Yritykset p\u00e4\u00e4sev\u00e4t RoboAI:ssa pilotoimaan, protoamaan ja testaamaan uusia liiketoiminta-avauksia sek\u00e4 hy\u00f6dynt\u00e4m\u00e4\u00e4n korkeakoulujen tutkimusryhmien tuottamaa uutta tietoa. Asiakkaalle tarjotaan sopiva palvelukokonaisuus projektin vaativuudesta, laajuudesta ja rahoitustarpeesta riippuen.","og_url":"https:\/\/www.roboai.fi\/en\/research-and-development\/services\/joint-use-laboratory\/","og_site_name":"RoboAI","article_modified_time":"2024-02-05T13:44:21+00:00","og_image":[{"url":"https:\/\/www.roboai.fi\/wp-content\/uploads\/2022\/03\/Ultimaker2_laitekuva_pienempi-1-700x450.jpg","type":"","width":"","height":""}],"twitter_card":"summary_large_image","twitter_misc":{"Est. reading time":"6 minutes"},"schema":{"@context":"https:\/\/schema.org","@graph":[{"@type":"WebPage","@id":"https:\/\/www.roboai.fi\/en\/research-and-development\/services\/joint-use-laboratory\/","url":"https:\/\/www.roboai.fi\/en\/research-and-development\/services\/joint-use-laboratory\/","name":"Joint use laboratory - RoboAI","isPartOf":{"@id":"https:\/\/www.roboai.fi\/en\/#website"},"primaryImageOfPage":{"@id":"https:\/\/www.roboai.fi\/en\/research-and-development\/services\/joint-use-laboratory\/#primaryimage"},"image":{"@id":"https:\/\/www.roboai.fi\/en\/research-and-development\/services\/joint-use-laboratory\/#primaryimage"},"thumbnailUrl":"https:\/\/www.roboai.fi\/wp-content\/uploads\/2022\/03\/Ultimaker2_laitekuva_pienempi-1-700x450.jpg","datePublished":"2022-11-04T12:46:02+00:00","dateModified":"2024-02-05T13:44:21+00:00","description":"Yritykset p\u00e4\u00e4sev\u00e4t RoboAI:ssa pilotoimaan, protoamaan ja testaamaan uusia liiketoiminta-avauksia sek\u00e4 hy\u00f6dynt\u00e4m\u00e4\u00e4n korkeakoulujen tutkimusryhmien tuottamaa uutta tietoa. Asiakkaalle tarjotaan sopiva palvelukokonaisuus projektin vaativuudesta, laajuudesta ja rahoitustarpeesta riippuen.","breadcrumb":{"@id":"https:\/\/www.roboai.fi\/en\/research-and-development\/services\/joint-use-laboratory\/#breadcrumb"},"inLanguage":"en-US","potentialAction":[{"@type":"ReadAction","target":["https:\/\/www.roboai.fi\/en\/research-and-development\/services\/joint-use-laboratory\/"]}]},{"@type":"ImageObject","inLanguage":"en-US","@id":"https:\/\/www.roboai.fi\/en\/research-and-development\/services\/joint-use-laboratory\/#primaryimage","url":"https:\/\/www.roboai.fi\/wp-content\/uploads\/2022\/03\/Ultimaker2_laitekuva_pienempi-1-700x450.jpg","contentUrl":"https:\/\/www.roboai.fi\/wp-content\/uploads\/2022\/03\/Ultimaker2_laitekuva_pienempi-1-700x450.jpg"},{"@type":"BreadcrumbList","@id":"https:\/\/www.roboai.fi\/en\/research-and-development\/services\/joint-use-laboratory\/#breadcrumb","itemListElement":[{"@type":"ListItem","position":1,"name":"Home","item":"https:\/\/www.roboai.fi\/en\/"},{"@type":"ListItem","position":2,"name":"Research and development","item":"https:\/\/www.roboai.fi\/en\/research-and-development\/"},{"@type":"ListItem","position":3,"name":"Services","item":"https:\/\/www.roboai.fi\/en\/research-and-development\/services\/"},{"@type":"ListItem","position":4,"name":"Joint use laboratory"}]},{"@type":"WebSite","@id":"https:\/\/www.roboai.fi\/en\/#website","url":"https:\/\/www.roboai.fi\/en\/","name":"RoboAI","description":"","publisher":{"@id":"https:\/\/www.roboai.fi\/en\/#organization"},"potentialAction":[{"@type":"SearchAction","target":{"@type":"EntryPoint","urlTemplate":"https:\/\/www.roboai.fi\/en\/?s={search_term_string}"},"query-input":{"@type":"PropertyValueSpecification","valueRequired":true,"valueName":"search_term_string"}}],"inLanguage":"en-US"},{"@type":"Organization","@id":"https:\/\/www.roboai.fi\/en\/#organization","name":"RoboAI","url":"https:\/\/www.roboai.fi\/en\/","logo":{"@type":"ImageObject","inLanguage":"en-US","@id":"https:\/\/www.roboai.fi\/en\/#\/schema\/logo\/image\/","url":"https:\/\/www.roboai.fi\/wp-content\/uploads\/2019\/01\/logo-rautalanka_musta.png","contentUrl":"https:\/\/www.roboai.fi\/wp-content\/uploads\/2019\/01\/logo-rautalanka_musta.png","width":800,"height":163,"caption":"RoboAI"},"image":{"@id":"https:\/\/www.roboai.fi\/en\/#\/schema\/logo\/image\/"}}]}},"_links":{"self":[{"href":"https:\/\/www.roboai.fi\/en\/wp-json\/wp\/v2\/pages\/7005","targetHints":{"allow":["GET"]}}],"collection":[{"href":"https:\/\/www.roboai.fi\/en\/wp-json\/wp\/v2\/pages"}],"about":[{"href":"https:\/\/www.roboai.fi\/en\/wp-json\/wp\/v2\/types\/page"}],"author":[{"embeddable":true,"href":"https:\/\/www.roboai.fi\/en\/wp-json\/wp\/v2\/users\/2"}],"replies":[{"embeddable":true,"href":"https:\/\/www.roboai.fi\/en\/wp-json\/wp\/v2\/comments?post=7005"}],"version-history":[{"count":7,"href":"https:\/\/www.roboai.fi\/en\/wp-json\/wp\/v2\/pages\/7005\/revisions"}],"predecessor-version":[{"id":10350,"href":"https:\/\/www.roboai.fi\/en\/wp-json\/wp\/v2\/pages\/7005\/revisions\/10350"}],"up":[{"embeddable":true,"href":"https:\/\/www.roboai.fi\/en\/wp-json\/wp\/v2\/pages\/6573"}],"wp:attachment":[{"href":"https:\/\/www.roboai.fi\/en\/wp-json\/wp\/v2\/media?parent=7005"}],"curies":[{"name":"wp","href":"https:\/\/api.w.org\/{rel}","templated":true}]}}