{"id":6592,"date":"2022-09-01T13:18:52","date_gmt":"2022-09-01T10:18:52","guid":{"rendered":"https:\/\/roboai.samk.fi\/?page_id=6592"},"modified":"2026-05-04T10:38:19","modified_gmt":"2026-05-04T07:38:19","slug":"home","status":"publish","type":"page","link":"https:\/\/www.roboai.fi\/en\/","title":{"rendered":"Home"},"content":{"rendered":"\n<h1>\n\t\t\tRoboAI Research Center\t<\/h1>\n\t<p>The RoboAI Research Center of Satakunta University of Applied Sciences brings together expertise from four strong research areas. Our research serves companies, communities and operators in the public sector in the Satakunta region with topics related to robotics and artificial intelligence.\u00a0We carry out development projects to support testing, product development and design.<\/p>\n\t\t\t<a href=\"https:\/\/www.roboai.fi\/en\/about-us\"  target=\"_self\">\n\t\t\t\t\t\t\tFind out more about our activities!\n\t\t\t\t\t<\/a>\n<h2>\n\t\t\tLatest news\t<\/h2>\n\t<h2>Watch the video and get to know RoboAI's operations<\/h2>\n\t<iframe width=\"560\" height=\"315\" data-src=\"https:\/\/www.youtube.com\/embed\/JFm8Wp6ocus?si=PV2mBy_GUDlUWnt0\" title=\"YouTube video player\" frameborder=\"0\" allow=\"accelerometer; autoplay; clipboard-write; encrypted-media; gyroscope; picture-in-picture; web-share\" allowfullscreen src=\"data:image\/svg+xml;base64,PHN2ZyB3aWR0aD0iMSIgaGVpZ2h0PSIxIiB4bWxucz0iaHR0cDovL3d3dy53My5vcmcvMjAwMC9zdmciPjwvc3ZnPg==\" class=\"lazyload\" data-load-mode=\"1\"><\/iframe>\n<h2>\n\t\t\tSubscribe to RoboAI newsletter\t<\/h2>\n\t<p>Get the latest news and updates directly to your inbox.<\/p>\n\t\t\t<a href=\"http:\/\/uutiskirje.roboai.fi\/\"  target=\"_blank\" rel=\"noopener\"    rel=\"noopener\">\n\t\t\t\t\t\t\tSubscribe\n\t\t\t\t\t<\/a>\n<h3>\n\t\t\tThe RoboAI Research Center was established in 2019 by\t<\/h3>\n<figure itemscope itemtype=\"https:\/\/schema.org\/ImageObject\">\n\t\t\t\t<img decoding=\"async\" data-src=\"https:\/\/www.roboai.fi\/wp-content\/uploads\/2019\/02\/Logo_suomi_4v-e1549527306579-300x169.png\" alt=\"SAMK logo.\" height=\"169\" width=\"300\" title=\"Logo_suomi_4v\" onerror=\"this.style.display='none'\" src=\"data:image\/svg+xml;base64,PHN2ZyB3aWR0aD0iMSIgaGVpZ2h0PSIxIiB4bWxucz0iaHR0cDovL3d3dy53My5vcmcvMjAwMC9zdmciPjwvc3ZnPg==\" class=\"lazyload\" style=\"--smush-placeholder-width: 300px; --smush-placeholder-aspect-ratio: 300\/169;\" \/>\n\t<\/figure>\n<figure itemscope itemtype=\"https:\/\/schema.org\/ImageObject\">\n\t\t\t\t<img decoding=\"async\" data-src=\"https:\/\/www.suuntastudios.com\/roboai\/wp-content\/uploads\/2019\/01\/VipuvoimaaEU_2014_2020_rgb-1024x725.png\" alt=\"Vipuvoimaa logo.\" title=\"VipuvoimaaEU_2014_2020_rgb\" onerror=\"this.style.display='none'\" src=\"data:image\/svg+xml;base64,PHN2ZyB3aWR0aD0iMSIgaGVpZ2h0PSIxIiB4bWxucz0iaHR0cDovL3d3dy53My5vcmcvMjAwMC9zdmciPjwvc3ZnPg==\" class=\"lazyload\" style=\"--smush-placeholder-width: 1024px; --smush-placeholder-aspect-ratio: 1024\/725;\" \/>\n\t<\/figure>\n<figure itemscope itemtype=\"https:\/\/schema.org\/ImageObject\">\n\t\t\t\t<img decoding=\"async\" data-src=\"https:\/\/www.suuntastudios.com\/roboai\/wp-content\/uploads\/2019\/01\/EU_EAKR_FI_vertical_20mm_rgb.png\" alt=\"EU eakr logo.\" title=\"EU_EAKR_FI_vertical_20mm_rgb\" onerror=\"this.style.display='none'\" src=\"data:image\/svg+xml;base64,PHN2ZyB3aWR0aD0iMSIgaGVpZ2h0PSIxIiB4bWxucz0iaHR0cDovL3d3dy53My5vcmcvMjAwMC9zdmciPjwvc3ZnPg==\" class=\"lazyload\" \/>\n\t<\/figure>\n<figure itemscope itemtype=\"https:\/\/schema.org\/ImageObject\">\n\t\t\t\t<img decoding=\"async\" data-src=\"https:\/\/www.suuntastudios.com\/roboai\/wp-content\/uploads\/2019\/01\/Satakuntaliiton-logo-1024x247.png\" alt=\"Satakuntaliitto logo.\" title=\"Satakuntaliiton logo\" onerror=\"this.style.display='none'\" src=\"data:image\/svg+xml;base64,PHN2ZyB3aWR0aD0iMSIgaGVpZ2h0PSIxIiB4bWxucz0iaHR0cDovL3d3dy53My5vcmcvMjAwMC9zdmciPjwvc3ZnPg==\" class=\"lazyload\" style=\"--smush-placeholder-width: 1024px; --smush-placeholder-aspect-ratio: 1024\/247;\" \/>\n\t<\/figure>\n<figure itemscope itemtype=\"https:\/\/schema.org\/ImageObject\">\n\t\t\t\t<img decoding=\"async\" data-src=\"https:\/\/www.roboai.fi\/wp-content\/uploads\/2019\/02\/TRE_LA13_YO_____fi_B3___RGB-e1549527263456-300x78.png\" alt=\"Tampereen yliopisto logo.\" height=\"78\" width=\"300\" title=\"TRE_LA13_YO_____fi_B3___RGB\" onerror=\"this.style.display='none'\" src=\"data:image\/svg+xml;base64,PHN2ZyB3aWR0aD0iMSIgaGVpZ2h0PSIxIiB4bWxucz0iaHR0cDovL3d3dy53My5vcmcvMjAwMC9zdmciPjwvc3ZnPg==\" class=\"lazyload\" style=\"--smush-placeholder-width: 300px; --smush-placeholder-aspect-ratio: 300\/78;\" \/>\n\t<\/figure>\n\n","protected":false},"excerpt":{"rendered":"<p>RoboAI Research Center The RoboAI Research Center of Satakunta University of Applied Sciences brings together expertise from four strong research areas. Our research serves companies, communities and operators in the public sector in the Satakunta region with topics related to robotics and artificial intelligence.\u00a0We carry out development projects to support testing, product development and design.<\/p>\n","protected":false},"author":3,"featured_media":0,"parent":0,"menu_order":0,"comment_status":"closed","ping_status":"closed","template":"","meta":{"inline_featured_image":false,"site-sidebar-layout":"no-sidebar","site-content-layout":"page-builder","ast-site-content-layout":"full-width-container","site-content-style":"unboxed","site-sidebar-style":"unboxed","ast-global-header-display":"","ast-banner-title-visibility":"","ast-main-header-display":"","ast-hfb-above-header-display":"","ast-hfb-below-header-display":"","ast-hfb-mobile-header-display":"","site-post-title":"disabled","ast-breadcrumbs-content":"","ast-featured-img":"disabled","footer-sml-layout":"","ast-disable-related-posts":"","theme-transparent-header-meta":"enabled","adv-header-id-meta":"","stick-header-meta":"","header-above-stick-meta":"","header-main-stick-meta":"","header-below-stick-meta":"","astra-migrate-meta-layouts":"set","ast-page-background-enabled":"default","ast-page-background-meta":{"desktop":{"background-color":"","background-image":"","background-repeat":"repeat","background-position":"center center","background-size":"auto","background-attachment":"scroll","background-type":"","background-media":"","overlay-type":"","overlay-color":"","overlay-opacity":"","overlay-gradient":""},"tablet":{"background-color":"","background-image":"","background-repeat":"repeat","background-position":"center center","background-size":"auto","background-attachment":"scroll","background-type":"","background-media":"","overlay-type":"","overlay-color":"","overlay-opacity":"","overlay-gradient":""},"mobile":{"background-color":"","background-image":"","background-repeat":"repeat","background-position":"center center","background-size":"auto","background-attachment":"scroll","background-type":"","background-media":"","overlay-type":"","overlay-color":"","overlay-opacity":"","overlay-gradient":""}},"ast-content-background-meta":{"desktop":{"background-color":"var(--ast-global-color-5)","background-image":"","background-repeat":"repeat","background-position":"center center","background-size":"auto","background-attachment":"scroll","background-type":"","background-media":"","overlay-type":"","overlay-color":"","overlay-opacity":"","overlay-gradient":""},"tablet":{"background-color":"var(--ast-global-color-5)","background-image":"","background-repeat":"repeat","background-position":"center center","background-size":"auto","background-attachment":"scroll","background-type":"","background-media":"","overlay-type":"","overlay-color":"","overlay-opacity":"","overlay-gradient":""},"mobile":{"background-color":"var(--ast-global-color-5)","background-image":"","background-repeat":"repeat","background-position":"center center","background-size":"auto","background-attachment":"scroll","background-type":"","background-media":"","overlay-type":"","overlay-color":"","overlay-opacity":"","overlay-gradient":""}},"footnotes":""},"class_list":["post-6592","page","type-page","status-publish","hentry"],"yoast_head":"<!-- This site is optimized with the Yoast SEO plugin v27.5 - https:\/\/yoast.com\/product\/yoast-seo-wordpress\/ -->\n<title>Home - RoboAI<\/title>\n<meta name=\"description\" content=\"RoboAI tutkimus- ja tuotekehityskeskus. RoboAI:ss\u00e4 yhdistyv\u00e4t Satakunnan ammattikorkeakoulun ja Tampereen yliopiston osaamiset. Tutkimusty\u00f6mme palvelee Satakunnan alueen yrityksi\u00e4, yhteis\u00f6j\u00e4 ja julkisia toimijoita teko\u00e4lyyn ja robotiikkaan liittyviss\u00e4 haasteissa. Toteutamme kehitysprojekteja testauksen, tuotekehityksen ja suunnittelun tueksi.\" \/>\n<meta name=\"robots\" content=\"index, follow, max-snippet:-1, max-image-preview:large, max-video-preview:-1\" \/>\n<link rel=\"canonical\" href=\"https:\/\/www.roboai.fi\/en\/\" \/>\n<meta property=\"og:locale\" content=\"en_US\" \/>\n<meta property=\"og:type\" content=\"article\" \/>\n<meta property=\"og:title\" content=\"Home - RoboAI\" \/>\n<meta property=\"og:description\" content=\"RoboAI tutkimus- ja tuotekehityskeskus. RoboAI:ss\u00e4 yhdistyv\u00e4t Satakunnan ammattikorkeakoulun ja Tampereen yliopiston osaamiset. Tutkimusty\u00f6mme palvelee Satakunnan alueen yrityksi\u00e4, yhteis\u00f6j\u00e4 ja julkisia toimijoita teko\u00e4lyyn ja robotiikkaan liittyviss\u00e4 haasteissa. Toteutamme kehitysprojekteja testauksen, tuotekehityksen ja suunnittelun tueksi.\" \/>\n<meta property=\"og:url\" content=\"https:\/\/www.roboai.fi\/en\/\" \/>\n<meta property=\"og:site_name\" content=\"RoboAI\" \/>\n<meta property=\"article:modified_time\" content=\"2026-05-04T07:38:19+00:00\" \/>\n<meta property=\"og:image\" content=\"https:\/\/www.roboai.fi\/wp-content\/uploads\/2019\/02\/Logo_suomi_4v-e1549527306579-300x169.png\" \/>\n<meta name=\"twitter:card\" content=\"summary_large_image\" \/>\n<meta name=\"twitter:label1\" content=\"Est. reading time\" \/>\n\t<meta name=\"twitter:data1\" content=\"2 minutes\" \/>\n<script type=\"application\/ld+json\" class=\"yoast-schema-graph\">{\"@context\":\"https:\\\/\\\/schema.org\",\"@graph\":[{\"@type\":\"WebPage\",\"@id\":\"https:\\\/\\\/www.roboai.fi\\\/en\\\/\",\"url\":\"https:\\\/\\\/www.roboai.fi\\\/en\\\/\",\"name\":\"Home - RoboAI\",\"isPartOf\":{\"@id\":\"https:\\\/\\\/www.roboai.fi\\\/en\\\/#website\"},\"primaryImageOfPage\":{\"@id\":\"https:\\\/\\\/www.roboai.fi\\\/en\\\/#primaryimage\"},\"image\":{\"@id\":\"https:\\\/\\\/www.roboai.fi\\\/en\\\/#primaryimage\"},\"thumbnailUrl\":\"https:\\\/\\\/www.roboai.fi\\\/wp-content\\\/uploads\\\/2019\\\/02\\\/Logo_suomi_4v-e1549527306579-300x169.png\",\"datePublished\":\"2022-09-01T10:18:52+00:00\",\"dateModified\":\"2026-05-04T07:38:19+00:00\",\"description\":\"RoboAI tutkimus- ja tuotekehityskeskus. RoboAI:ss\u00e4 yhdistyv\u00e4t Satakunnan ammattikorkeakoulun ja Tampereen yliopiston osaamiset. Tutkimusty\u00f6mme palvelee Satakunnan alueen yrityksi\u00e4, yhteis\u00f6j\u00e4 ja julkisia toimijoita teko\u00e4lyyn ja robotiikkaan liittyviss\u00e4 haasteissa. Toteutamme kehitysprojekteja testauksen, tuotekehityksen ja suunnittelun tueksi.\",\"breadcrumb\":{\"@id\":\"https:\\\/\\\/www.roboai.fi\\\/en\\\/#breadcrumb\"},\"inLanguage\":\"en-US\",\"potentialAction\":[{\"@type\":\"ReadAction\",\"target\":[\"https:\\\/\\\/www.roboai.fi\\\/en\\\/\"]}]},{\"@type\":\"ImageObject\",\"inLanguage\":\"en-US\",\"@id\":\"https:\\\/\\\/www.roboai.fi\\\/en\\\/#primaryimage\",\"url\":\"https:\\\/\\\/www.roboai.fi\\\/wp-content\\\/uploads\\\/2019\\\/02\\\/Logo_suomi_4v-e1549527306579-300x169.png\",\"contentUrl\":\"https:\\\/\\\/www.roboai.fi\\\/wp-content\\\/uploads\\\/2019\\\/02\\\/Logo_suomi_4v-e1549527306579-300x169.png\"},{\"@type\":\"BreadcrumbList\",\"@id\":\"https:\\\/\\\/www.roboai.fi\\\/en\\\/#breadcrumb\",\"itemListElement\":[{\"@type\":\"ListItem\",\"position\":1,\"name\":\"Home\",\"item\":\"https:\\\/\\\/www.roboai.fi\\\/en\\\/\"},{\"@type\":\"ListItem\",\"position\":2,\"name\":\"Home\"}]},{\"@type\":\"WebSite\",\"@id\":\"https:\\\/\\\/www.roboai.fi\\\/en\\\/#website\",\"url\":\"https:\\\/\\\/www.roboai.fi\\\/en\\\/\",\"name\":\"RoboAI\",\"description\":\"\",\"publisher\":{\"@id\":\"https:\\\/\\\/www.roboai.fi\\\/en\\\/#organization\"},\"potentialAction\":[{\"@type\":\"SearchAction\",\"target\":{\"@type\":\"EntryPoint\",\"urlTemplate\":\"https:\\\/\\\/www.roboai.fi\\\/en\\\/?s={search_term_string}\"},\"query-input\":{\"@type\":\"PropertyValueSpecification\",\"valueRequired\":true,\"valueName\":\"search_term_string\"}}],\"inLanguage\":\"en-US\"},{\"@type\":\"Organization\",\"@id\":\"https:\\\/\\\/www.roboai.fi\\\/en\\\/#organization\",\"name\":\"RoboAI\",\"url\":\"https:\\\/\\\/www.roboai.fi\\\/en\\\/\",\"logo\":{\"@type\":\"ImageObject\",\"inLanguage\":\"en-US\",\"@id\":\"https:\\\/\\\/www.roboai.fi\\\/en\\\/#\\\/schema\\\/logo\\\/image\\\/\",\"url\":\"https:\\\/\\\/www.roboai.fi\\\/wp-content\\\/uploads\\\/2019\\\/01\\\/logo-rautalanka_musta.png\",\"contentUrl\":\"https:\\\/\\\/www.roboai.fi\\\/wp-content\\\/uploads\\\/2019\\\/01\\\/logo-rautalanka_musta.png\",\"width\":800,\"height\":163,\"caption\":\"RoboAI\"},\"image\":{\"@id\":\"https:\\\/\\\/www.roboai.fi\\\/en\\\/#\\\/schema\\\/logo\\\/image\\\/\"}}]}<\/script>\n<!-- \/ Yoast SEO plugin. -->","yoast_head_json":{"title":"Home - RoboAI","description":"RoboAI tutkimus- ja tuotekehityskeskus. RoboAI:ss\u00e4 yhdistyv\u00e4t Satakunnan ammattikorkeakoulun ja Tampereen yliopiston osaamiset. Tutkimusty\u00f6mme palvelee Satakunnan alueen yrityksi\u00e4, yhteis\u00f6j\u00e4 ja julkisia toimijoita teko\u00e4lyyn ja robotiikkaan liittyviss\u00e4 haasteissa. Toteutamme kehitysprojekteja testauksen, tuotekehityksen ja suunnittelun tueksi.","robots":{"index":"index","follow":"follow","max-snippet":"max-snippet:-1","max-image-preview":"max-image-preview:large","max-video-preview":"max-video-preview:-1"},"canonical":"https:\/\/www.roboai.fi\/en\/","og_locale":"en_US","og_type":"article","og_title":"Home - RoboAI","og_description":"RoboAI tutkimus- ja tuotekehityskeskus. RoboAI:ss\u00e4 yhdistyv\u00e4t Satakunnan ammattikorkeakoulun ja Tampereen yliopiston osaamiset. Tutkimusty\u00f6mme palvelee Satakunnan alueen yrityksi\u00e4, yhteis\u00f6j\u00e4 ja julkisia toimijoita teko\u00e4lyyn ja robotiikkaan liittyviss\u00e4 haasteissa. Toteutamme kehitysprojekteja testauksen, tuotekehityksen ja suunnittelun tueksi.","og_url":"https:\/\/www.roboai.fi\/en\/","og_site_name":"RoboAI","article_modified_time":"2026-05-04T07:38:19+00:00","og_image":[{"url":"https:\/\/www.roboai.fi\/wp-content\/uploads\/2019\/02\/Logo_suomi_4v-e1549527306579-300x169.png","type":"","width":"","height":""}],"twitter_card":"summary_large_image","twitter_misc":{"Est. reading time":"2 minutes"},"schema":{"@context":"https:\/\/schema.org","@graph":[{"@type":"WebPage","@id":"https:\/\/www.roboai.fi\/en\/","url":"https:\/\/www.roboai.fi\/en\/","name":"Home - RoboAI","isPartOf":{"@id":"https:\/\/www.roboai.fi\/en\/#website"},"primaryImageOfPage":{"@id":"https:\/\/www.roboai.fi\/en\/#primaryimage"},"image":{"@id":"https:\/\/www.roboai.fi\/en\/#primaryimage"},"thumbnailUrl":"https:\/\/www.roboai.fi\/wp-content\/uploads\/2019\/02\/Logo_suomi_4v-e1549527306579-300x169.png","datePublished":"2022-09-01T10:18:52+00:00","dateModified":"2026-05-04T07:38:19+00:00","description":"RoboAI tutkimus- ja tuotekehityskeskus. RoboAI:ss\u00e4 yhdistyv\u00e4t Satakunnan ammattikorkeakoulun ja Tampereen yliopiston osaamiset. Tutkimusty\u00f6mme palvelee Satakunnan alueen yrityksi\u00e4, yhteis\u00f6j\u00e4 ja julkisia toimijoita teko\u00e4lyyn ja robotiikkaan liittyviss\u00e4 haasteissa. Toteutamme kehitysprojekteja testauksen, tuotekehityksen ja suunnittelun tueksi.","breadcrumb":{"@id":"https:\/\/www.roboai.fi\/en\/#breadcrumb"},"inLanguage":"en-US","potentialAction":[{"@type":"ReadAction","target":["https:\/\/www.roboai.fi\/en\/"]}]},{"@type":"ImageObject","inLanguage":"en-US","@id":"https:\/\/www.roboai.fi\/en\/#primaryimage","url":"https:\/\/www.roboai.fi\/wp-content\/uploads\/2019\/02\/Logo_suomi_4v-e1549527306579-300x169.png","contentUrl":"https:\/\/www.roboai.fi\/wp-content\/uploads\/2019\/02\/Logo_suomi_4v-e1549527306579-300x169.png"},{"@type":"BreadcrumbList","@id":"https:\/\/www.roboai.fi\/en\/#breadcrumb","itemListElement":[{"@type":"ListItem","position":1,"name":"Home","item":"https:\/\/www.roboai.fi\/en\/"},{"@type":"ListItem","position":2,"name":"Home"}]},{"@type":"WebSite","@id":"https:\/\/www.roboai.fi\/en\/#website","url":"https:\/\/www.roboai.fi\/en\/","name":"RoboAI","description":"","publisher":{"@id":"https:\/\/www.roboai.fi\/en\/#organization"},"potentialAction":[{"@type":"SearchAction","target":{"@type":"EntryPoint","urlTemplate":"https:\/\/www.roboai.fi\/en\/?s={search_term_string}"},"query-input":{"@type":"PropertyValueSpecification","valueRequired":true,"valueName":"search_term_string"}}],"inLanguage":"en-US"},{"@type":"Organization","@id":"https:\/\/www.roboai.fi\/en\/#organization","name":"RoboAI","url":"https:\/\/www.roboai.fi\/en\/","logo":{"@type":"ImageObject","inLanguage":"en-US","@id":"https:\/\/www.roboai.fi\/en\/#\/schema\/logo\/image\/","url":"https:\/\/www.roboai.fi\/wp-content\/uploads\/2019\/01\/logo-rautalanka_musta.png","contentUrl":"https:\/\/www.roboai.fi\/wp-content\/uploads\/2019\/01\/logo-rautalanka_musta.png","width":800,"height":163,"caption":"RoboAI"},"image":{"@id":"https:\/\/www.roboai.fi\/en\/#\/schema\/logo\/image\/"}}]}},"_links":{"self":[{"href":"https:\/\/www.roboai.fi\/en\/wp-json\/wp\/v2\/pages\/6592","targetHints":{"allow":["GET"]}}],"collection":[{"href":"https:\/\/www.roboai.fi\/en\/wp-json\/wp\/v2\/pages"}],"about":[{"href":"https:\/\/www.roboai.fi\/en\/wp-json\/wp\/v2\/types\/page"}],"author":[{"embeddable":true,"href":"https:\/\/www.roboai.fi\/en\/wp-json\/wp\/v2\/users\/3"}],"replies":[{"embeddable":true,"href":"https:\/\/www.roboai.fi\/en\/wp-json\/wp\/v2\/comments?post=6592"}],"version-history":[{"count":14,"href":"https:\/\/www.roboai.fi\/en\/wp-json\/wp\/v2\/pages\/6592\/revisions"}],"predecessor-version":[{"id":15578,"href":"https:\/\/www.roboai.fi\/en\/wp-json\/wp\/v2\/pages\/6592\/revisions\/15578"}],"wp:attachment":[{"href":"https:\/\/www.roboai.fi\/en\/wp-json\/wp\/v2\/media?parent=6592"}],"curies":[{"name":"wp","href":"https:\/\/api.w.org\/{rel}","templated":true}]}}