{"id":15297,"date":"2026-03-19T13:08:38","date_gmt":"2026-03-19T11:08:38","guid":{"rendered":"https:\/\/www.roboai.fi\/about-us\/roboai-cyber\/"},"modified":"2026-04-15T16:11:18","modified_gmt":"2026-04-15T13:11:18","slug":"roboai-cyber","status":"publish","type":"page","link":"https:\/\/www.roboai.fi\/en\/about-us\/roboai-cyber\/","title":{"rendered":"RoboAI Cyber"},"content":{"rendered":"\n\n\t<div id=\"breadcrumb-navigation\" role=\"navigation\" aria-label=\"Breadcrumb navigation\"><ul id=\"breadcrumbs\"><li><a href=\"https:\/\/www.roboai.fi\/en\/\">Home<\/a><\/li><li class=\"separator\"> \/ <\/li><\/ul><\/div>\n<h1>\n\t\t\tRoboAI Cyber\t<\/h1>\n\t<p>RoboAI Cyber consists of RoboAI's core activities in cybersecurity, industrial networks, and digital risk management.<\/p>\n\t<p><strong>Our operations focus on cybersecurity technology research, practical applied development work, and close cooperation with companies and authorities. We promote the adoption of new technologies and enable the transfer of research data into the everyday work of organizations.\u00a0<\/strong><\/p>\n<p>RoboAI's cybersecurity experts research and develop solutions that strengthen the digital resilience of industry and organizations, improve the level of system protection, and ensure business continuity in a changing threat environment. Our research and development work focuses on technologies that enable and secure digitalization, the most important of which are:<\/p>\n<ul>\n<li><strong>Cybersecurity for industrial IT and OT networks<\/strong>: segmentation, monitoring, vulnerability analyses, and protection solutions for production networks as part of critical infrastructure.<\/li>\n<li><strong>Cyber exercise and simulation environments:<\/strong> attack simulations, testing, and validation of cybersecurity solutions implemented in realistic IT and automation networks.<\/li>\n<li><strong>Vulnerability management and risk analysis:<\/strong> identification and prioritization of technical and organizational risks and planning of management measures.<\/li>\n<li><strong>Security of cloud and artificial intelligence solutions:<\/strong> information security of cloud services, interfaces, and artificial intelligence systems, as well as their secure integration into industrial environments.<\/li>\n<li><strong>Legislation and standards readiness:<\/strong> supporting organizations in complying with national and EU-level cybersecurity regulations, such as the Cybersecurity Act, CRA, and NIS2 Directive, as well as in developing cybersecurity, documentation, and utilizing self-assessment tools.<\/li>\n<\/ul>\n<p>Cybersecurity research consists of externally funded research and development projects and applied research projects carried out in collaboration with companies. We also offer opportunities for continuous learning to professionals in companies and public organizations.<\/p>\n<p>Our working methods focus on participatory research, cybersecurity exercises, technology pilots, demonstrations, and international technology transfer. Practical testing and simulations ensure that our solutions work in real-world environments, not just in theory.<\/p>\n<p>RoboAI Cyber's main operating environment is <strong>RoboAI Cyberlab<\/strong>, which is the cybersecurity expert unit of the RoboAI research center. Cyberlab strengthens the cybersecurity of companies and industry by providing realistic training and testing environments and expert services. The laboratory provides a secure environment for training and testing the cybersecurity of automation networks, IoT devices, and industrial systems, for example, without any risk to production systems. The aim is to provide clear and practical solutions for managing cyber threats, complying with legislation, and developing organizations' own security levels.<\/p>\n<p>The close integration of cybersecurity expertise into RoboAI's research and development activities enables rapid piloting of new solutions, support for regional business life, and the building of long-term expert partnerships.<\/p>\n<p>RoboAI Cyber acts as a bridge between industrial digitalization and a secure operating environment, ensuring that technological development progresses in a controlled, sustainable, and secure manner.<\/p>\n<figure itemscope itemtype=\"https:\/\/schema.org\/ImageObject\">\n\t\t\t\t<img decoding=\"async\" data-src=\"https:\/\/www.roboai.fi\/wp-content\/uploads\/2026\/03\/cyber-v2_muokattu.jpg\" alt=\"Digitaalinen ketjua esitt\u00e4v\u00e4 grafiikka, jossa bin\u00e4\u00e4rikoodia ja valokorostuksia.\" height=\"1118\" width=\"1734\" title=\"How Blockchain Is Rebuilding Cybersecurity | cybersecurity exper\" onerror=\"this.style.display='none'\" src=\"data:image\/svg+xml;base64,PHN2ZyB3aWR0aD0iMSIgaGVpZ2h0PSIxIiB4bWxucz0iaHR0cDovL3d3dy53My5vcmcvMjAwMC9zdmciPjwvc3ZnPg==\" class=\"lazyload\" style=\"--smush-placeholder-width: 1734px; --smush-placeholder-aspect-ratio: 1734\/1118;\" \/>\n\t<\/figure>\n\t\t<figure itemscope itemtype=\"https:\/\/schema.org\/ImageObject\">\n\t\t\t\t<img decoding=\"async\" data-src=\"https:\/\/www.roboai.fi\/wp-content\/uploads\/bb-plugin\/cache\/Gronman-Jere-portrait-bb0cb85c8e49a9ac279ad56f2ebf6f2c-.jpg\" alt=\"L\u00e4hikuvassa Jere Gr\u00f6nman.\" height=\"520\" width=\"400\" title=\"OLYMPUS DIGITAL CAMERA\" onerror=\"this.style.display='none'\" src=\"data:image\/svg+xml;base64,PHN2ZyB3aWR0aD0iMSIgaGVpZ2h0PSIxIiB4bWxucz0iaHR0cDovL3d3dy53My5vcmcvMjAwMC9zdmciPjwvc3ZnPg==\" class=\"lazyload\" style=\"--smush-placeholder-width: 400px; --smush-placeholder-aspect-ratio: 400\/520;\" \/>\n\t<\/figure>\n<p><strong>Does\u00a0your\u00a0company\u00a0need\u00a0to\u00a0develop\u00a0solutions\u00a0or\u00a0products?\u00a0Contact\u00a0us!<\/strong><\/p>\nRoboAI Researching senior lecturer<br \/>\n<b>Jere Gr\u00f6nman<br \/>\n<\/b>tel. 050 472 4873<br \/>\njere.gronman@samk.fi<b><br \/>\n<\/b>\n<h2>\n\t\t\tRead more\t<\/h2>\n\t\t<figure itemscope itemtype=\"https:\/\/schema.org\/ImageObject\">\n\t\t\t\t<a href=\"https:\/\/www.roboai.fi\/en\/research-and-development\/\"  target=\"_self\" itemprop=\"url\">\n\t\t\t\t<img decoding=\"async\" data-src=\"https:\/\/www.roboai.fi\/wp-content\/uploads\/bb-plugin\/cache\/etusivulle-landscape-1ffd96887e44281ca21c20d5cbd85707-.jpg\" alt=\"Mieshenkil\u00f6ll\u00e4 on p\u00e4\u00e4ll\u00e4\u00e4n mocap-puku ja p\u00e4\u00e4ss\u00e4\u00e4n k\u00e4nnykk\u00e4teline, taustalle n\u00e4kyy ihmishahmo samassa asennossa.\" height=\"1480\" width=\"2000\" title=\"RoboAI Tutkimus Ja Tuotekehityskeskus\" onerror=\"this.style.display='none'\" src=\"data:image\/svg+xml;base64,PHN2ZyB3aWR0aD0iMSIgaGVpZ2h0PSIxIiB4bWxucz0iaHR0cDovL3d3dy53My5vcmcvMjAwMC9zdmciPjwvc3ZnPg==\" class=\"lazyload\" style=\"--smush-placeholder-width: 2000px; --smush-placeholder-aspect-ratio: 2000\/1480;\" \/>\n\t\t\t\t<\/a>\n\t<\/figure>\n<h3><a href=\"https:\/\/www.roboai.fi\/en\/research-and-development\/\" target=\"_self\">Research and development<\/a><\/h3>\t\n\t\t<figure itemscope itemtype=\"https:\/\/schema.org\/ImageObject\">\n\t\t\t\t<a href=\"https:\/\/www.roboai.fi\/en\/research-and-development\/publications\/\"  target=\"_self\" itemprop=\"url\">\n\t\t\t\t<img decoding=\"async\" data-src=\"https:\/\/www.roboai.fi\/wp-content\/uploads\/bb-plugin\/cache\/pexels-caio-46274-landscape-7feac02ae336edaf0577aef8614a8945-.jpg\" alt=\"Kuvituskuva avoimesta kirjasta.\" height=\"1277\" width=\"1920\" title=\"Pexels Caio 46274\" onerror=\"this.style.display='none'\" src=\"data:image\/svg+xml;base64,PHN2ZyB3aWR0aD0iMSIgaGVpZ2h0PSIxIiB4bWxucz0iaHR0cDovL3d3dy53My5vcmcvMjAwMC9zdmciPjwvc3ZnPg==\" class=\"lazyload\" style=\"--smush-placeholder-width: 1920px; --smush-placeholder-aspect-ratio: 1920\/1277;\" \/>\n\t\t\t\t<\/a>\n\t<\/figure>\n<h3><a href=\"https:\/\/www.roboai.fi\/en\/research-and-development\/publications\/\" target=\"_self\">Publications<\/a><\/h3>\t\n\t\t<figure itemscope itemtype=\"https:\/\/schema.org\/ImageObject\">\n\t\t\t\t<a href=\"https:\/\/www.roboai.fi\/en\/roboai-team\/\"  target=\"_self\" itemprop=\"url\">\n\t\t\t\t<img decoding=\"async\" data-src=\"https:\/\/www.roboai.fi\/wp-content\/uploads\/bb-plugin\/cache\/Tiimi-landscape-e38b9b70eaa6ce98cffc360a8838ca52-.jpg\" alt=\"Ryhm\u00e4kuva RoboAI-tiimist\u00e4 laboratoriossa.\" height=\"910\" width=\"1300\" title=\"Tiimi\" onerror=\"this.style.display='none'\" src=\"data:image\/svg+xml;base64,PHN2ZyB3aWR0aD0iMSIgaGVpZ2h0PSIxIiB4bWxucz0iaHR0cDovL3d3dy53My5vcmcvMjAwMC9zdmciPjwvc3ZnPg==\" class=\"lazyload\" style=\"--smush-placeholder-width: 1300px; --smush-placeholder-aspect-ratio: 1300\/910;\" \/>\n\t\t\t\t<\/a>\n\t<\/figure>\n<h3><a href=\"https:\/\/www.roboai.fi\/en\/roboai-team\/\" target=\"_self\">RoboAI Team<\/a><\/h3>\t\n<h2>\n\t\t\tSubscribe to RoboAI newsletter\t<\/h2>\n\t<p>Get the latest news and updates directly to your inbox<\/p>\n\t\t\t<a href=\"http:\/\/uutiskirje.roboai.fi\/\"  target=\"_blank\" rel=\"noopener\"    rel=\"noopener\">\n\t\t\t\t\t\t\tSubscribe\n\t\t\t\t\t<\/a>\n\n","protected":false},"excerpt":{"rendered":"<p>RoboAI Cyber consists of RoboAI's core activities in cybersecurity, industrial networks, and digital risk management. Our operations focus on cybersecurity technology research, practical applied development work, and close cooperation with companies and authorities. We promote the adoption of new technologies and enable the transfer of research data into the everyday work of organizations.\u00a0 RoboAI's cybersecurity<\/p>\n","protected":false},"author":2,"featured_media":0,"parent":6557,"menu_order":0,"comment_status":"closed","ping_status":"closed","template":"","meta":{"inline_featured_image":false,"site-sidebar-layout":"default","site-content-layout":"","ast-site-content-layout":"default","site-content-style":"default","site-sidebar-style":"default","ast-global-header-display":"","ast-banner-title-visibility":"","ast-main-header-display":"","ast-hfb-above-header-display":"","ast-hfb-below-header-display":"","ast-hfb-mobile-header-display":"","site-post-title":"","ast-breadcrumbs-content":"","ast-featured-img":"","footer-sml-layout":"","ast-disable-related-posts":"","theme-transparent-header-meta":"","adv-header-id-meta":"","stick-header-meta":"","header-above-stick-meta":"","header-main-stick-meta":"","header-below-stick-meta":"","astra-migrate-meta-layouts":"set","ast-page-background-enabled":"default","ast-page-background-meta":{"desktop":{"background-color":"","background-image":"","background-repeat":"repeat","background-position":"center center","background-size":"auto","background-attachment":"scroll","background-type":"","background-media":"","overlay-type":"","overlay-color":"","overlay-opacity":"","overlay-gradient":""},"tablet":{"background-color":"","background-image":"","background-repeat":"repeat","background-position":"center center","background-size":"auto","background-attachment":"scroll","background-type":"","background-media":"","overlay-type":"","overlay-color":"","overlay-opacity":"","overlay-gradient":""},"mobile":{"background-color":"","background-image":"","background-repeat":"repeat","background-position":"center center","background-size":"auto","background-attachment":"scroll","background-type":"","background-media":"","overlay-type":"","overlay-color":"","overlay-opacity":"","overlay-gradient":""}},"ast-content-background-meta":{"desktop":{"background-color":"var(--ast-global-color-5)","background-image":"","background-repeat":"repeat","background-position":"center center","background-size":"auto","background-attachment":"scroll","background-type":"","background-media":"","overlay-type":"","overlay-color":"","overlay-opacity":"","overlay-gradient":""},"tablet":{"background-color":"var(--ast-global-color-5)","background-image":"","background-repeat":"repeat","background-position":"center center","background-size":"auto","background-attachment":"scroll","background-type":"","background-media":"","overlay-type":"","overlay-color":"","overlay-opacity":"","overlay-gradient":""},"mobile":{"background-color":"var(--ast-global-color-5)","background-image":"","background-repeat":"repeat","background-position":"center center","background-size":"auto","background-attachment":"scroll","background-type":"","background-media":"","overlay-type":"","overlay-color":"","overlay-opacity":"","overlay-gradient":""}},"footnotes":""},"class_list":["post-15297","page","type-page","status-publish","hentry"],"yoast_head":"<!-- This site is optimized with the Yoast SEO plugin v27.5 - https:\/\/yoast.com\/product\/yoast-seo-wordpress\/ -->\n<title>RoboAI Cyber - RoboAI<\/title>\n<meta name=\"description\" content=\"RoboAI Cyber consists of RoboAI&#039;s core activities in cybersecurity, industrial networks, and digital risk management.\" \/>\n<meta name=\"robots\" content=\"index, follow, max-snippet:-1, max-image-preview:large, max-video-preview:-1\" \/>\n<link rel=\"canonical\" href=\"https:\/\/www.roboai.fi\/en\/about-us\/roboai-cyber\/\" \/>\n<meta property=\"og:locale\" content=\"en_US\" \/>\n<meta property=\"og:type\" content=\"article\" \/>\n<meta property=\"og:title\" content=\"RoboAI Cyber - RoboAI\" \/>\n<meta property=\"og:description\" content=\"RoboAI Cyber consists of RoboAI&#039;s core activities in cybersecurity, industrial networks, and digital risk management.\" \/>\n<meta property=\"og:url\" content=\"https:\/\/www.roboai.fi\/en\/about-us\/roboai-cyber\/\" \/>\n<meta property=\"og:site_name\" content=\"RoboAI\" \/>\n<meta property=\"article:modified_time\" content=\"2026-04-15T13:11:18+00:00\" \/>\n<meta property=\"og:image\" content=\"https:\/\/www.roboai.fi\/wp-content\/uploads\/2026\/03\/cyber-v2_muokattu.jpg\" \/>\n<meta name=\"twitter:card\" content=\"summary_large_image\" \/>\n<meta name=\"twitter:label1\" content=\"Est. reading time\" \/>\n\t<meta name=\"twitter:data1\" content=\"4 minutes\" \/>\n<script type=\"application\/ld+json\" class=\"yoast-schema-graph\">{\"@context\":\"https:\\\/\\\/schema.org\",\"@graph\":[{\"@type\":\"WebPage\",\"@id\":\"https:\\\/\\\/www.roboai.fi\\\/en\\\/about-us\\\/roboai-cyber\\\/\",\"url\":\"https:\\\/\\\/www.roboai.fi\\\/en\\\/about-us\\\/roboai-cyber\\\/\",\"name\":\"RoboAI Cyber - RoboAI\",\"isPartOf\":{\"@id\":\"https:\\\/\\\/www.roboai.fi\\\/en\\\/#website\"},\"primaryImageOfPage\":{\"@id\":\"https:\\\/\\\/www.roboai.fi\\\/en\\\/about-us\\\/roboai-cyber\\\/#primaryimage\"},\"image\":{\"@id\":\"https:\\\/\\\/www.roboai.fi\\\/en\\\/about-us\\\/roboai-cyber\\\/#primaryimage\"},\"thumbnailUrl\":\"https:\\\/\\\/www.roboai.fi\\\/wp-content\\\/uploads\\\/2026\\\/03\\\/cyber-v2_muokattu.jpg\",\"datePublished\":\"2026-03-19T11:08:38+00:00\",\"dateModified\":\"2026-04-15T13:11:18+00:00\",\"description\":\"RoboAI Cyber consists of RoboAI's core activities in cybersecurity, industrial networks, and digital risk management.\",\"breadcrumb\":{\"@id\":\"https:\\\/\\\/www.roboai.fi\\\/en\\\/about-us\\\/roboai-cyber\\\/#breadcrumb\"},\"inLanguage\":\"en-US\",\"potentialAction\":[{\"@type\":\"ReadAction\",\"target\":[\"https:\\\/\\\/www.roboai.fi\\\/en\\\/about-us\\\/roboai-cyber\\\/\"]}]},{\"@type\":\"ImageObject\",\"inLanguage\":\"en-US\",\"@id\":\"https:\\\/\\\/www.roboai.fi\\\/en\\\/about-us\\\/roboai-cyber\\\/#primaryimage\",\"url\":\"https:\\\/\\\/www.roboai.fi\\\/wp-content\\\/uploads\\\/2026\\\/03\\\/cyber-v2_muokattu.jpg\",\"contentUrl\":\"https:\\\/\\\/www.roboai.fi\\\/wp-content\\\/uploads\\\/2026\\\/03\\\/cyber-v2_muokattu.jpg\"},{\"@type\":\"BreadcrumbList\",\"@id\":\"https:\\\/\\\/www.roboai.fi\\\/en\\\/about-us\\\/roboai-cyber\\\/#breadcrumb\",\"itemListElement\":[{\"@type\":\"ListItem\",\"position\":1,\"name\":\"Home\",\"item\":\"https:\\\/\\\/www.roboai.fi\\\/en\\\/\"},{\"@type\":\"ListItem\",\"position\":2,\"name\":\"About us\",\"item\":\"https:\\\/\\\/www.roboai.fi\\\/en\\\/about-us\\\/\"},{\"@type\":\"ListItem\",\"position\":3,\"name\":\"RoboAI Cyber\"}]},{\"@type\":\"WebSite\",\"@id\":\"https:\\\/\\\/www.roboai.fi\\\/en\\\/#website\",\"url\":\"https:\\\/\\\/www.roboai.fi\\\/en\\\/\",\"name\":\"RoboAI\",\"description\":\"\",\"publisher\":{\"@id\":\"https:\\\/\\\/www.roboai.fi\\\/en\\\/#organization\"},\"potentialAction\":[{\"@type\":\"SearchAction\",\"target\":{\"@type\":\"EntryPoint\",\"urlTemplate\":\"https:\\\/\\\/www.roboai.fi\\\/en\\\/?s={search_term_string}\"},\"query-input\":{\"@type\":\"PropertyValueSpecification\",\"valueRequired\":true,\"valueName\":\"search_term_string\"}}],\"inLanguage\":\"en-US\"},{\"@type\":\"Organization\",\"@id\":\"https:\\\/\\\/www.roboai.fi\\\/en\\\/#organization\",\"name\":\"RoboAI\",\"url\":\"https:\\\/\\\/www.roboai.fi\\\/en\\\/\",\"logo\":{\"@type\":\"ImageObject\",\"inLanguage\":\"en-US\",\"@id\":\"https:\\\/\\\/www.roboai.fi\\\/en\\\/#\\\/schema\\\/logo\\\/image\\\/\",\"url\":\"https:\\\/\\\/www.roboai.fi\\\/wp-content\\\/uploads\\\/2019\\\/01\\\/logo-rautalanka_musta.png\",\"contentUrl\":\"https:\\\/\\\/www.roboai.fi\\\/wp-content\\\/uploads\\\/2019\\\/01\\\/logo-rautalanka_musta.png\",\"width\":800,\"height\":163,\"caption\":\"RoboAI\"},\"image\":{\"@id\":\"https:\\\/\\\/www.roboai.fi\\\/en\\\/#\\\/schema\\\/logo\\\/image\\\/\"}}]}<\/script>\n<!-- \/ Yoast SEO plugin. -->","yoast_head_json":{"title":"RoboAI Cyber - RoboAI","description":"RoboAI Cyber consists of RoboAI's core activities in cybersecurity, industrial networks, and digital risk management.","robots":{"index":"index","follow":"follow","max-snippet":"max-snippet:-1","max-image-preview":"max-image-preview:large","max-video-preview":"max-video-preview:-1"},"canonical":"https:\/\/www.roboai.fi\/en\/about-us\/roboai-cyber\/","og_locale":"en_US","og_type":"article","og_title":"RoboAI Cyber - RoboAI","og_description":"RoboAI Cyber consists of RoboAI's core activities in cybersecurity, industrial networks, and digital risk management.","og_url":"https:\/\/www.roboai.fi\/en\/about-us\/roboai-cyber\/","og_site_name":"RoboAI","article_modified_time":"2026-04-15T13:11:18+00:00","og_image":[{"url":"https:\/\/www.roboai.fi\/wp-content\/uploads\/2026\/03\/cyber-v2_muokattu.jpg","type":"","width":"","height":""}],"twitter_card":"summary_large_image","twitter_misc":{"Est. reading time":"4 minutes"},"schema":{"@context":"https:\/\/schema.org","@graph":[{"@type":"WebPage","@id":"https:\/\/www.roboai.fi\/en\/about-us\/roboai-cyber\/","url":"https:\/\/www.roboai.fi\/en\/about-us\/roboai-cyber\/","name":"RoboAI Cyber - RoboAI","isPartOf":{"@id":"https:\/\/www.roboai.fi\/en\/#website"},"primaryImageOfPage":{"@id":"https:\/\/www.roboai.fi\/en\/about-us\/roboai-cyber\/#primaryimage"},"image":{"@id":"https:\/\/www.roboai.fi\/en\/about-us\/roboai-cyber\/#primaryimage"},"thumbnailUrl":"https:\/\/www.roboai.fi\/wp-content\/uploads\/2026\/03\/cyber-v2_muokattu.jpg","datePublished":"2026-03-19T11:08:38+00:00","dateModified":"2026-04-15T13:11:18+00:00","description":"RoboAI Cyber consists of RoboAI's core activities in cybersecurity, industrial networks, and digital risk management.","breadcrumb":{"@id":"https:\/\/www.roboai.fi\/en\/about-us\/roboai-cyber\/#breadcrumb"},"inLanguage":"en-US","potentialAction":[{"@type":"ReadAction","target":["https:\/\/www.roboai.fi\/en\/about-us\/roboai-cyber\/"]}]},{"@type":"ImageObject","inLanguage":"en-US","@id":"https:\/\/www.roboai.fi\/en\/about-us\/roboai-cyber\/#primaryimage","url":"https:\/\/www.roboai.fi\/wp-content\/uploads\/2026\/03\/cyber-v2_muokattu.jpg","contentUrl":"https:\/\/www.roboai.fi\/wp-content\/uploads\/2026\/03\/cyber-v2_muokattu.jpg"},{"@type":"BreadcrumbList","@id":"https:\/\/www.roboai.fi\/en\/about-us\/roboai-cyber\/#breadcrumb","itemListElement":[{"@type":"ListItem","position":1,"name":"Home","item":"https:\/\/www.roboai.fi\/en\/"},{"@type":"ListItem","position":2,"name":"About us","item":"https:\/\/www.roboai.fi\/en\/about-us\/"},{"@type":"ListItem","position":3,"name":"RoboAI Cyber"}]},{"@type":"WebSite","@id":"https:\/\/www.roboai.fi\/en\/#website","url":"https:\/\/www.roboai.fi\/en\/","name":"RoboAI","description":"","publisher":{"@id":"https:\/\/www.roboai.fi\/en\/#organization"},"potentialAction":[{"@type":"SearchAction","target":{"@type":"EntryPoint","urlTemplate":"https:\/\/www.roboai.fi\/en\/?s={search_term_string}"},"query-input":{"@type":"PropertyValueSpecification","valueRequired":true,"valueName":"search_term_string"}}],"inLanguage":"en-US"},{"@type":"Organization","@id":"https:\/\/www.roboai.fi\/en\/#organization","name":"RoboAI","url":"https:\/\/www.roboai.fi\/en\/","logo":{"@type":"ImageObject","inLanguage":"en-US","@id":"https:\/\/www.roboai.fi\/en\/#\/schema\/logo\/image\/","url":"https:\/\/www.roboai.fi\/wp-content\/uploads\/2019\/01\/logo-rautalanka_musta.png","contentUrl":"https:\/\/www.roboai.fi\/wp-content\/uploads\/2019\/01\/logo-rautalanka_musta.png","width":800,"height":163,"caption":"RoboAI"},"image":{"@id":"https:\/\/www.roboai.fi\/en\/#\/schema\/logo\/image\/"}}]}},"_links":{"self":[{"href":"https:\/\/www.roboai.fi\/en\/wp-json\/wp\/v2\/pages\/15297","targetHints":{"allow":["GET"]}}],"collection":[{"href":"https:\/\/www.roboai.fi\/en\/wp-json\/wp\/v2\/pages"}],"about":[{"href":"https:\/\/www.roboai.fi\/en\/wp-json\/wp\/v2\/types\/page"}],"author":[{"embeddable":true,"href":"https:\/\/www.roboai.fi\/en\/wp-json\/wp\/v2\/users\/2"}],"replies":[{"embeddable":true,"href":"https:\/\/www.roboai.fi\/en\/wp-json\/wp\/v2\/comments?post=15297"}],"version-history":[{"count":6,"href":"https:\/\/www.roboai.fi\/en\/wp-json\/wp\/v2\/pages\/15297\/revisions"}],"predecessor-version":[{"id":15455,"href":"https:\/\/www.roboai.fi\/en\/wp-json\/wp\/v2\/pages\/15297\/revisions\/15455"}],"up":[{"embeddable":true,"href":"https:\/\/www.roboai.fi\/en\/wp-json\/wp\/v2\/pages\/6557"}],"wp:attachment":[{"href":"https:\/\/www.roboai.fi\/en\/wp-json\/wp\/v2\/media?parent=15297"}],"curies":[{"name":"wp","href":"https:\/\/api.w.org\/{rel}","templated":true}]}}